{"id":25801,"date":"2023-10-20T20:12:47","date_gmt":"2023-10-20T23:12:47","guid":{"rendered":"https:\/\/educofit.com.br\/exercicioedieta\/?page_id=25801"},"modified":"2023-11-01T22:58:34","modified_gmt":"2023-11-02T01:58:34","slug":"sobre","status":"publish","type":"page","link":"https:\/\/educofit.com.br\/exercicioedieta\/sobre\/","title":{"rendered":"SOBRE"},"content":{"rendered":"\t\t<div data-elementor-type=\"wp-page\" data-elementor-id=\"25801\" class=\"elementor elementor-25801\" data-elementor-post-type=\"page\">\n\t\t\t\t\t\t<section class=\"elementor-section elementor-top-section elementor-element elementor-element-37ac080 elementor-section-boxed elementor-section-height-default elementor-section-height-default\" data-id=\"37ac080\" data-element_type=\"section\" data-settings=\"{&quot;_ha_eqh_enable&quot;:false,&quot;ekit_has_onepagescroll_dot&quot;:&quot;yes&quot;}\">\n\t\t\t\t\t\t<div class=\"elementor-container elementor-column-gap-default\">\n\t\t\t\t\t<div class=\"elementor-column elementor-col-100 elementor-top-column elementor-element elementor-element-706d1d5\" data-id=\"706d1d5\" data-element_type=\"column\">\n\t\t\t<div class=\"elementor-widget-wrap elementor-element-populated\">\n\t\t\t\t\t\t<div class=\"elementor-element elementor-element-44d039e elementor-widget elementor-widget-video\" data-id=\"44d039e\" data-element_type=\"widget\" data-settings=\"{&quot;video_type&quot;:&quot;hosted&quot;,&quot;autoplay&quot;:&quot;yes&quot;,&quot;play_on_mobile&quot;:&quot;yes&quot;,&quot;loop&quot;:&quot;yes&quot;,&quot;ekit_we_effect_on&quot;:&quot;none&quot;}\" data-widget_type=\"video.default\">\n\t\t\t\t<div class=\"elementor-widget-container\">\n\t\t\t\t\t<div class=\"e-hosted-video elementor-wrapper elementor-open-inline\">\n\t\t\t\t\t<video class=\"elementor-video\" src=\"https:\/\/educofit.com.br\/exercicioedieta\/wp-content\/uploads\/2023\/10\/Assessoria-em-Webcurriculo-e-Educacao-Midiatica.mp4\" autoplay=\"\" loop=\"\" playsinline=\"\" controlsList=\"nodownload\"><\/video>\n\t\t\t\t<\/div>\n\t\t\t\t<\/div>\n\t\t\t\t<\/div>\n\t\t\t\t\t<\/div>\n\t\t<\/div>\n\t\t\t\t\t<\/div>\n\t\t<\/section>\n\t\t\t\t<section class=\"elementor-section elementor-top-section elementor-element elementor-element-b843c3b elementor-section-boxed elementor-section-height-default elementor-section-height-default\" data-id=\"b843c3b\" data-element_type=\"section\" data-settings=\"{&quot;_ha_eqh_enable&quot;:false,&quot;ekit_has_onepagescroll_dot&quot;:&quot;yes&quot;}\">\n\t\t\t\t\t\t<div class=\"elementor-container elementor-column-gap-default\">\n\t\t\t\t\t<div class=\"elementor-column elementor-col-100 elementor-top-column elementor-element elementor-element-8893f6b\" data-id=\"8893f6b\" data-element_type=\"column\">\n\t\t\t<div class=\"elementor-widget-wrap elementor-element-populated\">\n\t\t\t\t\t\t<div class=\"elementor-element elementor-element-8fad59d elementor-widget elementor-widget-heading\" data-id=\"8fad59d\" data-element_type=\"widget\" data-settings=\"{&quot;ha_floating_fx&quot;:&quot;yes&quot;,&quot;ha_floating_fx_scale_toggle&quot;:&quot;yes&quot;,&quot;ha_floating_fx_scale_x&quot;:{&quot;unit&quot;:&quot;px&quot;,&quot;size&quot;:&quot;&quot;,&quot;sizes&quot;:{&quot;from&quot;:1,&quot;to&quot;:1.2}},&quot;ha_floating_fx_scale_y&quot;:{&quot;unit&quot;:&quot;px&quot;,&quot;size&quot;:&quot;&quot;,&quot;sizes&quot;:{&quot;from&quot;:1,&quot;to&quot;:1.2}},&quot;ha_floating_fx_scale_duration&quot;:{&quot;unit&quot;:&quot;px&quot;,&quot;size&quot;:1000,&quot;sizes&quot;:[]},&quot;ha_floating_fx_scale_delay&quot;:{&quot;unit&quot;:&quot;px&quot;,&quot;size&quot;:&quot;&quot;,&quot;sizes&quot;:[]},&quot;ekit_we_effect_on&quot;:&quot;none&quot;}\" data-widget_type=\"heading.default\">\n\t\t\t\t<div class=\"elementor-widget-container\">\n\t\t\t<h2 class=\"elementor-heading-title elementor-size-default\">SELECIONE UMA CATEGORIA<\/h2>\t\t<\/div>\n\t\t\t\t<\/div>\n\t\t\t\t\t<\/div>\n\t\t<\/div>\n\t\t\t\t\t<\/div>\n\t\t<\/section>\n\t\t\t\t<section class=\"elementor-section elementor-top-section elementor-element elementor-element-ae5758e elementor-section-boxed elementor-section-height-default elementor-section-height-default\" data-id=\"ae5758e\" data-element_type=\"section\" data-settings=\"{&quot;_ha_eqh_enable&quot;:false,&quot;ekit_has_onepagescroll_dot&quot;:&quot;yes&quot;}\">\n\t\t\t\t\t\t<div class=\"elementor-container elementor-column-gap-default\">\n\t\t\t\t\t<div class=\"elementor-column elementor-col-100 elementor-top-column elementor-element elementor-element-503c9b2\" data-id=\"503c9b2\" data-element_type=\"column\">\n\t\t\t<div class=\"elementor-widget-wrap elementor-element-populated\">\n\t\t\t\t\t\t<div class=\"elementor-element elementor-element-02f2303 elementor-align-center elementor-widget elementor-widget-elementskit-category-list\" data-id=\"02f2303\" data-element_type=\"widget\" data-settings=\"{&quot;ekit_we_effect_on&quot;:&quot;none&quot;}\" data-widget_type=\"elementskit-category-list.default\">\n\t\t\t\t<div class=\"elementor-widget-container\">\n\t\t\t<div class=\"ekit-wid-con\" >\t\t<ul class=\"elementor-icon-list-items\">\n\t\t\t\t\t\t\t<li class=\"elementor-icon-list-item\">\n\t\t\t\t\t<a href=\"https:\/\/educofit.com.br\/exercicioedieta\/category\/artes-marciais\/\" >\n                                                    <span class=\"elementor-icon-list-icon\">\n\t\t\t\t\t\t\t\t<i aria-hidden=\"true\" class=\"fas fa-check\"><\/i>                            <\/span>\n                                                <span class=\"elementor-icon-list-text\">ARTES MARCIAIS<\/span>\n\t\t\t\t\t<\/a>\n\n\t\t\t\t<\/li>\n\t\t\t\t\t\t\t\t<li class=\"elementor-icon-list-item\">\n\t\t\t\t\t<a href=\"https:\/\/educofit.com.br\/exercicioedieta\/category\/curriculo-de-educacao-fisica\/\" >\n                                                    <span class=\"elementor-icon-list-icon\">\n\t\t\t\t\t\t\t\t<i aria-hidden=\"true\" class=\"fas fa-check\"><\/i>                            <\/span>\n                                                <span class=\"elementor-icon-list-text\">CURR\u00cdCULO DE EDUCA\u00c7\u00c3O F\u00cdSICA<\/span>\n\t\t\t\t\t<\/a>\n\n\t\t\t\t<\/li>\n\t\t\t\t\t\t\t\t<li class=\"elementor-icon-list-item\">\n\t\t\t\t\t<a href=\"https:\/\/educofit.com.br\/exercicioedieta\/category\/educacao-fisica-matematica\/\" >\n                                                    <span class=\"elementor-icon-list-icon\">\n\t\t\t\t\t\t\t\t<i aria-hidden=\"true\" class=\"fas fa-check\"><\/i>                            <\/span>\n                                                <span class=\"elementor-icon-list-text\">EDUCA\u00c7\u00c3O F\u00cdSICA\/MATEM\u00c1TICA<\/span>\n\t\t\t\t\t<\/a>\n\n\t\t\t\t<\/li>\n\t\t\t\t\t\t\t\t<li class=\"elementor-icon-list-item\">\n\t\t\t\t\t<a href=\"https:\/\/educofit.com.br\/exercicioedieta\/category\/educacao-fisica-portugues\/\" >\n                                                    <span class=\"elementor-icon-list-icon\">\n\t\t\t\t\t\t\t\t<i aria-hidden=\"true\" class=\"fas fa-check\"><\/i>                            <\/span>\n                                                <span class=\"elementor-icon-list-text\">EDUCA\u00c7\u00c3O F\u00cdSICA\/PORTUGU\u00caS<\/span>\n\t\t\t\t\t<\/a>\n\n\t\t\t\t<\/li>\n\t\t\t\t\t\t\t\t<li class=\"elementor-icon-list-item\">\n\t\t\t\t\t<a href=\"https:\/\/educofit.com.br\/exercicioedieta\/category\/educacao-fisica-quimica\/\" >\n                                                    <span class=\"elementor-icon-list-icon\">\n\t\t\t\t\t\t\t\t<i aria-hidden=\"true\" class=\"fas fa-check\"><\/i>                            <\/span>\n                                                <span class=\"elementor-icon-list-text\">EDUCA\u00c7\u00c3O F\u00cdSICA\/QU\u00cdMICA<\/span>\n\t\t\t\t\t<\/a>\n\n\t\t\t\t<\/li>\n\t\t\t\t\t\t\t\t<li class=\"elementor-icon-list-item\">\n\t\t\t\t\t<a href=\"https:\/\/educofit.com.br\/exercicioedieta\/category\/temas-emergentes\/\" >\n                                                    <span class=\"elementor-icon-list-icon\">\n\t\t\t\t\t\t\t\t<i aria-hidden=\"true\" class=\"fas fa-check\"><\/i>                            <\/span>\n                                                <span class=\"elementor-icon-list-text\">TEMAS EMERGENTES<\/span>\n\t\t\t\t\t<\/a>\n\n\t\t\t\t<\/li>\n\t\t\t\t\t\t\t\t<li class=\"elementor-icon-list-item\">\n\t\t\t\t\t<a href=\"https:\/\/educofit.com.br\/exercicioedieta\/category\/ingles\/\" >\n                                                    <span class=\"elementor-icon-list-icon\">\n\t\t\t\t\t\t\t\t<i aria-hidden=\"true\" class=\"fas fa-check\"><\/i>                            <\/span>\n                                                <span class=\"elementor-icon-list-text\">INGL\u00caS<\/span>\n\t\t\t\t\t<\/a>\n\n\t\t\t\t<\/li>\n\t\t\t\t\t\t\t\t<li class=\"elementor-icon-list-item\">\n\t\t\t\t\t<a href=\"https:\/\/educofit.com.br\/exercicioedieta\/category\/jogos-diversos\/\" >\n                                                    <span class=\"elementor-icon-list-icon\">\n\t\t\t\t\t\t\t\t<i aria-hidden=\"true\" class=\"fas fa-check\"><\/i>                            <\/span>\n                                                <span class=\"elementor-icon-list-text\">JOGOS DIVERSOS<\/span>\n\t\t\t\t\t<\/a>\n\n\t\t\t\t<\/li>\n\t\t\t\t\t\t\t\t<li class=\"elementor-icon-list-item\">\n\t\t\t\t\t<a href=\"https:\/\/educofit.com.br\/exercicioedieta\/category\/artes-marciais\/\" >\n                                                    <span class=\"elementor-icon-list-icon\">\n\t\t\t\t\t\t\t\t<i aria-hidden=\"true\" class=\"fas fa-check\"><\/i>                            <\/span>\n                                                <span class=\"elementor-icon-list-text\">ARTES MARCIAIS<\/span>\n\t\t\t\t\t<\/a>\n\n\t\t\t\t<\/li>\n\t\t\t\t\t\t<\/ul>\n\t\t<\/div>\t\t<\/div>\n\t\t\t\t<\/div>\n\t\t\t\t\t<\/div>\n\t\t<\/div>\n\t\t\t\t\t<\/div>\n\t\t<\/section>\n\t\t\t\t<\/div>\n\t\t","protected":false},"excerpt":{"rendered":"<p>https:\/\/educofit.com.br\/exercicioedieta\/wp-content\/uploads\/2023\/10\/Assessoria-em-Webcurriculo-e-Educacao-Midiatica.mp4 SELECIONE UMA CATEGORIA ARTES MARCIAIS CURR\u00cdCULO DE EDUCA\u00c7\u00c3O F\u00cdSICA EDUCA\u00c7\u00c3O F\u00cdSICA\/MATEM\u00c1TICA EDUCA\u00c7\u00c3O F\u00cdSICA\/PORTUGU\u00caS EDUCA\u00c7\u00c3O F\u00cdSICA\/QU\u00cdMICA TEMAS EMERGENTES INGL\u00caS JOGOS DIVERSOS ARTES MARCIAIS<\/p>\n","protected":false},"author":10,"featured_media":25802,"parent":0,"menu_order":0,"comment_status":"closed","ping_status":"closed","template":"","meta":{"footnotes":""},"_links":{"self":[{"href":"https:\/\/educofit.com.br\/exercicioedieta\/wp-json\/wp\/v2\/pages\/25801"}],"collection":[{"href":"https:\/\/educofit.com.br\/exercicioedieta\/wp-json\/wp\/v2\/pages"}],"about":[{"href":"https:\/\/educofit.com.br\/exercicioedieta\/wp-json\/wp\/v2\/types\/page"}],"author":[{"embeddable":true,"href":"https:\/\/educofit.com.br\/exercicioedieta\/wp-json\/wp\/v2\/users\/10"}],"replies":[{"embeddable":true,"href":"https:\/\/educofit.com.br\/exercicioedieta\/wp-json\/wp\/v2\/comments?post=25801"}],"version-history":[{"count":47,"href":"https:\/\/educofit.com.br\/exercicioedieta\/wp-json\/wp\/v2\/pages\/25801\/revisions"}],"predecessor-version":[{"id":25971,"href":"https:\/\/educofit.com.br\/exercicioedieta\/wp-json\/wp\/v2\/pages\/25801\/revisions\/25971"}],"wp:featuredmedia":[{"embeddable":true,"href":"https:\/\/educofit.com.br\/exercicioedieta\/wp-json\/wp\/v2\/media\/25802"}],"wp:attachment":[{"href":"https:\/\/educofit.com.br\/exercicioedieta\/wp-json\/wp\/v2\/media?parent=25801"}],"curies":[{"name":"wp","href":"https:\/\/api.w.org\/{rel}","templated":true}]}}